{"id":218,"date":"2024-12-12T15:27:52","date_gmt":"2024-12-12T15:27:52","guid":{"rendered":"https:\/\/christianmoraes.com.br\/loja\/?post_type=product&#038;p=218"},"modified":"2024-12-13T14:12:23","modified_gmt":"2024-12-13T14:12:23","slug":"sofa-chaiselong-marrom","status":"publish","type":"product","link":"https:\/\/christianmoraes.com.br\/loja\/produto\/sofa-chaiselong-marrom\/","title":{"rendered":"Sof\u00e1 Chaiselong Marrom"},"content":{"rendered":"<p>**Sof\u00e1 Chaise Long Marrom**  <\/p>\n<p>Sof\u00e1 chaise long com design moderno e elegante, revestido em tecido marrom de alta qualidade, resistente ao desgaste e f\u00e1cil de limpar. Oferece amplo espa\u00e7o e conforto, com assentos acolchoados e encostos ajust\u00e1veis. A chaise proporciona relaxamento extra, sendo ideal para salas de estar. Estrutura robusta e p\u00e9s refor\u00e7ados garantem durabilidade. Perfeito para compor ambientes sofisticados e aconchegantes.<\/p>\n","protected":false},"excerpt":{"rendered":"<p>Sof\u00e1 Chaise Long Marrom<\/p>\n","protected":false},"featured_media":220,"comment_status":"open","ping_status":"closed","template":"","meta":[],"product_brand":[],"product_cat":[32],"product_tag":[],"class_list":{"0":"post-218","1":"product","2":"type-product","3":"status-publish","4":"has-post-thumbnail","6":"product_cat-livros","8":"first","9":"instock","10":"shipping-taxable","11":"purchasable","12":"product-type-simple"},"yoast_head":"<!-- This site is optimized with the Yoast SEO plugin v27.4 - https:\/\/yoast.com\/product\/yoast-seo-wordpress\/ -->\n<title>Sof\u00e1 Chaiselong Marrom - Christian Moraes - Loja<\/title>\n<meta name=\"robots\" content=\"index, follow, max-snippet:-1, max-image-preview:large, max-video-preview:-1\" \/>\n<link rel=\"canonical\" href=\"https:\/\/christianmoraes.com.br\/loja\/produto\/sofa-chaiselong-marrom\/\" \/>\n<meta property=\"og:locale\" content=\"pt_BR\" \/>\n<meta property=\"og:type\" content=\"article\" \/>\n<meta property=\"og:title\" content=\"Sof\u00e1 Chaiselong Marrom - Christian Moraes - Loja\" \/>\n<meta property=\"og:description\" content=\"Sof\u00e1 Chaise Long Marrom\" \/>\n<meta property=\"og:url\" content=\"https:\/\/christianmoraes.com.br\/loja\/produto\/sofa-chaiselong-marrom\/\" \/>\n<meta property=\"og:site_name\" content=\"Christian Moraes - Loja\" \/>\n<meta property=\"article:publisher\" content=\"https:\/\/facebook.com\/oficialchristianmoraes\/\" \/>\n<meta property=\"article:modified_time\" content=\"2024-12-13T14:12:23+00:00\" \/>\n<meta property=\"og:image\" content=\"https:\/\/christianmoraes.com.br\/loja\/wp-content\/uploads\/2024\/12\/sofa-chaiselong.jpg\" \/>\n\t<meta property=\"og:image:width\" content=\"367\" \/>\n\t<meta property=\"og:image:height\" content=\"367\" \/>\n\t<meta property=\"og:image:type\" content=\"image\/jpeg\" \/>\n<meta name=\"twitter:card\" content=\"summary_large_image\" \/>\n<script type=\"application\/ld+json\" class=\"yoast-schema-graph\">{\"@context\":\"https:\\\/\\\/schema.org\",\"@graph\":[{\"@type\":\"WebPage\",\"@id\":\"https:\\\/\\\/christianmoraes.com.br\\\/loja\\\/produto\\\/sofa-chaiselong-marrom\\\/\",\"url\":\"https:\\\/\\\/christianmoraes.com.br\\\/loja\\\/produto\\\/sofa-chaiselong-marrom\\\/\",\"name\":\"Sof\u00e1 Chaiselong Marrom - Christian Moraes - Loja\",\"isPartOf\":{\"@id\":\"https:\\\/\\\/christianmoraes.com.br\\\/loja\\\/#website\"},\"primaryImageOfPage\":{\"@id\":\"https:\\\/\\\/christianmoraes.com.br\\\/loja\\\/produto\\\/sofa-chaiselong-marrom\\\/#primaryimage\"},\"image\":{\"@id\":\"https:\\\/\\\/christianmoraes.com.br\\\/loja\\\/produto\\\/sofa-chaiselong-marrom\\\/#primaryimage\"},\"thumbnailUrl\":\"https:\\\/\\\/christianmoraes.com.br\\\/loja\\\/wp-content\\\/uploads\\\/2024\\\/12\\\/sofa-chaiselong.jpg\",\"datePublished\":\"2024-12-12T15:27:52+00:00\",\"dateModified\":\"2024-12-13T14:12:23+00:00\",\"breadcrumb\":{\"@id\":\"https:\\\/\\\/christianmoraes.com.br\\\/loja\\\/produto\\\/sofa-chaiselong-marrom\\\/#breadcrumb\"},\"inLanguage\":\"pt-BR\",\"potentialAction\":[{\"@type\":\"ReadAction\",\"target\":[\"https:\\\/\\\/christianmoraes.com.br\\\/loja\\\/produto\\\/sofa-chaiselong-marrom\\\/\"]}]},{\"@type\":\"ImageObject\",\"inLanguage\":\"pt-BR\",\"@id\":\"https:\\\/\\\/christianmoraes.com.br\\\/loja\\\/produto\\\/sofa-chaiselong-marrom\\\/#primaryimage\",\"url\":\"https:\\\/\\\/christianmoraes.com.br\\\/loja\\\/wp-content\\\/uploads\\\/2024\\\/12\\\/sofa-chaiselong.jpg\",\"contentUrl\":\"https:\\\/\\\/christianmoraes.com.br\\\/loja\\\/wp-content\\\/uploads\\\/2024\\\/12\\\/sofa-chaiselong.jpg\",\"width\":367,\"height\":367},{\"@type\":\"BreadcrumbList\",\"@id\":\"https:\\\/\\\/christianmoraes.com.br\\\/loja\\\/produto\\\/sofa-chaiselong-marrom\\\/#breadcrumb\",\"itemListElement\":[{\"@type\":\"ListItem\",\"position\":1,\"name\":\"In\u00edcio\",\"item\":\"https:\\\/\\\/christianmoraes.com.br\\\/loja\\\/\"},{\"@type\":\"ListItem\",\"position\":2,\"name\":\"Loja\",\"item\":\"https:\\\/\\\/christianmoraes.com.br\\\/loja\\\/loja\\\/\"},{\"@type\":\"ListItem\",\"position\":3,\"name\":\"Sof\u00e1 Chaiselong Marrom\"}]},{\"@type\":\"WebSite\",\"@id\":\"https:\\\/\\\/christianmoraes.com.br\\\/loja\\\/#website\",\"url\":\"https:\\\/\\\/christianmoraes.com.br\\\/loja\\\/\",\"name\":\"Christian Moraes - Loja\",\"description\":\" Bem-vindo(a) ao meu site! Aqui voc\u00ea encontra m\u00fasica crist\u00e3 inspiradora, agenda de eventos e uma loja com produtos exclusivos para aben\u00e7oar sua vida.\",\"publisher\":{\"@id\":\"https:\\\/\\\/christianmoraes.com.br\\\/loja\\\/#\\\/schema\\\/person\\\/bc214bcb240b541e0690e0d4c4421b1f\"},\"potentialAction\":[{\"@type\":\"SearchAction\",\"target\":{\"@type\":\"EntryPoint\",\"urlTemplate\":\"https:\\\/\\\/christianmoraes.com.br\\\/loja\\\/?s={search_term_string}\"},\"query-input\":{\"@type\":\"PropertyValueSpecification\",\"valueRequired\":true,\"valueName\":\"search_term_string\"}}],\"inLanguage\":\"pt-BR\"},{\"@type\":[\"Person\",\"Organization\"],\"@id\":\"https:\\\/\\\/christianmoraes.com.br\\\/loja\\\/#\\\/schema\\\/person\\\/bc214bcb240b541e0690e0d4c4421b1f\",\"name\":\"Christian\",\"image\":{\"@type\":\"ImageObject\",\"inLanguage\":\"pt-BR\",\"@id\":\"https:\\\/\\\/christianmoraes.com.br\\\/loja\\\/wp-content\\\/uploads\\\/2024\\\/12\\\/cropped-logo.png\",\"url\":\"https:\\\/\\\/christianmoraes.com.br\\\/loja\\\/wp-content\\\/uploads\\\/2024\\\/12\\\/cropped-logo.png\",\"contentUrl\":\"https:\\\/\\\/christianmoraes.com.br\\\/loja\\\/wp-content\\\/uploads\\\/2024\\\/12\\\/cropped-logo.png\",\"width\":469,\"height\":120,\"caption\":\"Christian\"},\"logo\":{\"@id\":\"https:\\\/\\\/christianmoraes.com.br\\\/loja\\\/wp-content\\\/uploads\\\/2024\\\/12\\\/cropped-logo.png\"},\"sameAs\":[\"https:\\\/\\\/christianmoraes.com.br\\\/loja\",\"https:\\\/\\\/facebook.com\\\/oficialchristianmoraes\\\/\",\"https:\\\/\\\/instagram.com\\\/christiianmoraes\\\/\",\"https:\\\/\\\/youtube.com\\\/@Christiianmoraes\"]}]}<\/script>\n<!-- \/ Yoast SEO plugin. -->","yoast_head_json":{"title":"Sof\u00e1 Chaiselong Marrom - Christian Moraes - Loja","robots":{"index":"index","follow":"follow","max-snippet":"max-snippet:-1","max-image-preview":"max-image-preview:large","max-video-preview":"max-video-preview:-1"},"canonical":"https:\/\/christianmoraes.com.br\/loja\/produto\/sofa-chaiselong-marrom\/","og_locale":"pt_BR","og_type":"article","og_title":"Sof\u00e1 Chaiselong Marrom - Christian Moraes - Loja","og_description":"Sof\u00e1 Chaise Long Marrom","og_url":"https:\/\/christianmoraes.com.br\/loja\/produto\/sofa-chaiselong-marrom\/","og_site_name":"Christian Moraes - Loja","article_publisher":"https:\/\/facebook.com\/oficialchristianmoraes\/","article_modified_time":"2024-12-13T14:12:23+00:00","og_image":[{"width":367,"height":367,"url":"https:\/\/christianmoraes.com.br\/loja\/wp-content\/uploads\/2024\/12\/sofa-chaiselong.jpg","type":"image\/jpeg"}],"twitter_card":"summary_large_image","schema":{"@context":"https:\/\/schema.org","@graph":[{"@type":"WebPage","@id":"https:\/\/christianmoraes.com.br\/loja\/produto\/sofa-chaiselong-marrom\/","url":"https:\/\/christianmoraes.com.br\/loja\/produto\/sofa-chaiselong-marrom\/","name":"Sof\u00e1 Chaiselong Marrom - Christian Moraes - Loja","isPartOf":{"@id":"https:\/\/christianmoraes.com.br\/loja\/#website"},"primaryImageOfPage":{"@id":"https:\/\/christianmoraes.com.br\/loja\/produto\/sofa-chaiselong-marrom\/#primaryimage"},"image":{"@id":"https:\/\/christianmoraes.com.br\/loja\/produto\/sofa-chaiselong-marrom\/#primaryimage"},"thumbnailUrl":"https:\/\/christianmoraes.com.br\/loja\/wp-content\/uploads\/2024\/12\/sofa-chaiselong.jpg","datePublished":"2024-12-12T15:27:52+00:00","dateModified":"2024-12-13T14:12:23+00:00","breadcrumb":{"@id":"https:\/\/christianmoraes.com.br\/loja\/produto\/sofa-chaiselong-marrom\/#breadcrumb"},"inLanguage":"pt-BR","potentialAction":[{"@type":"ReadAction","target":["https:\/\/christianmoraes.com.br\/loja\/produto\/sofa-chaiselong-marrom\/"]}]},{"@type":"ImageObject","inLanguage":"pt-BR","@id":"https:\/\/christianmoraes.com.br\/loja\/produto\/sofa-chaiselong-marrom\/#primaryimage","url":"https:\/\/christianmoraes.com.br\/loja\/wp-content\/uploads\/2024\/12\/sofa-chaiselong.jpg","contentUrl":"https:\/\/christianmoraes.com.br\/loja\/wp-content\/uploads\/2024\/12\/sofa-chaiselong.jpg","width":367,"height":367},{"@type":"BreadcrumbList","@id":"https:\/\/christianmoraes.com.br\/loja\/produto\/sofa-chaiselong-marrom\/#breadcrumb","itemListElement":[{"@type":"ListItem","position":1,"name":"In\u00edcio","item":"https:\/\/christianmoraes.com.br\/loja\/"},{"@type":"ListItem","position":2,"name":"Loja","item":"https:\/\/christianmoraes.com.br\/loja\/loja\/"},{"@type":"ListItem","position":3,"name":"Sof\u00e1 Chaiselong Marrom"}]},{"@type":"WebSite","@id":"https:\/\/christianmoraes.com.br\/loja\/#website","url":"https:\/\/christianmoraes.com.br\/loja\/","name":"Christian Moraes - Loja","description":" Bem-vindo(a) ao meu site! Aqui voc\u00ea encontra m\u00fasica crist\u00e3 inspiradora, agenda de eventos e uma loja com produtos exclusivos para aben\u00e7oar sua vida.","publisher":{"@id":"https:\/\/christianmoraes.com.br\/loja\/#\/schema\/person\/bc214bcb240b541e0690e0d4c4421b1f"},"potentialAction":[{"@type":"SearchAction","target":{"@type":"EntryPoint","urlTemplate":"https:\/\/christianmoraes.com.br\/loja\/?s={search_term_string}"},"query-input":{"@type":"PropertyValueSpecification","valueRequired":true,"valueName":"search_term_string"}}],"inLanguage":"pt-BR"},{"@type":["Person","Organization"],"@id":"https:\/\/christianmoraes.com.br\/loja\/#\/schema\/person\/bc214bcb240b541e0690e0d4c4421b1f","name":"Christian","image":{"@type":"ImageObject","inLanguage":"pt-BR","@id":"https:\/\/christianmoraes.com.br\/loja\/wp-content\/uploads\/2024\/12\/cropped-logo.png","url":"https:\/\/christianmoraes.com.br\/loja\/wp-content\/uploads\/2024\/12\/cropped-logo.png","contentUrl":"https:\/\/christianmoraes.com.br\/loja\/wp-content\/uploads\/2024\/12\/cropped-logo.png","width":469,"height":120,"caption":"Christian"},"logo":{"@id":"https:\/\/christianmoraes.com.br\/loja\/wp-content\/uploads\/2024\/12\/cropped-logo.png"},"sameAs":["https:\/\/christianmoraes.com.br\/loja","https:\/\/facebook.com\/oficialchristianmoraes\/","https:\/\/instagram.com\/christiianmoraes\/","https:\/\/youtube.com\/@Christiianmoraes"]}]}},"jetpack_sharing_enabled":true,"_links":{"self":[{"href":"https:\/\/christianmoraes.com.br\/loja\/wp-json\/wp\/v2\/product\/218","targetHints":{"allow":["GET"]}}],"collection":[{"href":"https:\/\/christianmoraes.com.br\/loja\/wp-json\/wp\/v2\/product"}],"about":[{"href":"https:\/\/christianmoraes.com.br\/loja\/wp-json\/wp\/v2\/types\/product"}],"replies":[{"embeddable":true,"href":"https:\/\/christianmoraes.com.br\/loja\/wp-json\/wp\/v2\/comments?post=218"}],"wp:featuredmedia":[{"embeddable":true,"href":"https:\/\/christianmoraes.com.br\/loja\/wp-json\/wp\/v2\/media\/220"}],"wp:attachment":[{"href":"https:\/\/christianmoraes.com.br\/loja\/wp-json\/wp\/v2\/media?parent=218"}],"wp:term":[{"taxonomy":"product_brand","embeddable":true,"href":"https:\/\/christianmoraes.com.br\/loja\/wp-json\/wp\/v2\/product_brand?post=218"},{"taxonomy":"product_cat","embeddable":true,"href":"https:\/\/christianmoraes.com.br\/loja\/wp-json\/wp\/v2\/product_cat?post=218"},{"taxonomy":"product_tag","embeddable":true,"href":"https:\/\/christianmoraes.com.br\/loja\/wp-json\/wp\/v2\/product_tag?post=218"}],"curies":[{"name":"wp","href":"https:\/\/api.w.org\/{rel}","templated":true}]}}