{"id":9,"date":"2024-12-11T12:44:04","date_gmt":"2024-12-11T12:44:04","guid":{"rendered":"https:\/\/christianmoraes.com.br\/loja\/index.php\/carrinho\/"},"modified":"2024-12-12T11:48:54","modified_gmt":"2024-12-12T11:48:54","slug":"carrinho","status":"publish","type":"page","link":"https:\/\/christianmoraes.com.br\/loja\/carrinho\/","title":{"rendered":"Carrinho"},"content":{"rendered":"\n<div data-block-name=\"woocommerce\/cart\" class=\"wp-block-woocommerce-cart alignwide is-loading\">\n<div data-block-name=\"woocommerce\/filled-cart-block\" class=\"wp-block-woocommerce-filled-cart-block\">\n<div data-block-name=\"woocommerce\/cart-items-block\" class=\"wp-block-woocommerce-cart-items-block\">\n<div data-block-name=\"woocommerce\/cart-line-items-block\" class=\"wp-block-woocommerce-cart-line-items-block\"><\/div>\n\n\n\n<div data-block-name=\"woocommerce\/cart-cross-sells-block\" class=\"wp-block-woocommerce-cart-cross-sells-block\">\n<h2 class=\"wp-block-heading has-large-font-size\">You may be interested in\u2026<\/h2>\n\n\n\n<div data-block-name=\"woocommerce\/cart-cross-sells-products-block\" class=\"wp-block-woocommerce-cart-cross-sells-products-block\"><\/div>\n<\/div>\n<\/div>\n\n\n\n<div data-block-name=\"woocommerce\/cart-totals-block\" class=\"wp-block-woocommerce-cart-totals-block\">\n<div data-block-name=\"woocommerce\/cart-order-summary-block\" class=\"wp-block-woocommerce-cart-order-summary-block\">\n<div data-block-name=\"woocommerce\/cart-order-summary-heading-block\" class=\"wp-block-woocommerce-cart-order-summary-heading-block\"><\/div><div data-block-name=\"woocommerce\/cart-order-summary-coupon-form-block\" class=\"wp-block-woocommerce-cart-order-summary-coupon-form-block\"><\/div><div data-block-name=\"woocommerce\/cart-order-summary-totals-block\" class=\"wp-block-woocommerce-cart-order-summary-totals-block\">\n<div data-block-name=\"woocommerce\/cart-order-summary-subtotal-block\" class=\"wp-block-woocommerce-cart-order-summary-subtotal-block\"><\/div>\n<div data-block-name=\"woocommerce\/cart-order-summary-discount-block\" class=\"wp-block-woocommerce-cart-order-summary-discount-block\"><\/div>\n<div data-block-name=\"woocommerce\/cart-order-summary-fee-block\" class=\"wp-block-woocommerce-cart-order-summary-fee-block\"><\/div>\n<div data-block-name=\"woocommerce\/cart-order-summary-shipping-block\" class=\"wp-block-woocommerce-cart-order-summary-shipping-block\"><\/div>\n<div data-block-name=\"woocommerce\/cart-order-summary-taxes-block\" class=\"wp-block-woocommerce-cart-order-summary-taxes-block\"><\/div><\/div>\n<\/div>\n\n\n\n<div data-block-name=\"woocommerce\/cart-express-payment-block\" class=\"wp-block-woocommerce-cart-express-payment-block\"><\/div>\n\n\n\n<div data-block-name=\"woocommerce\/proceed-to-checkout-block\" class=\"wp-block-woocommerce-proceed-to-checkout-block\"><\/div>\n\n\n\n<div data-block-name=\"woocommerce\/cart-accepted-payment-methods-block\" class=\"wp-block-woocommerce-cart-accepted-payment-methods-block\"><\/div>\n<\/div>\n<\/div>\n\n\n\n<div data-block-name=\"woocommerce\/empty-cart-block\" class=\"wp-block-woocommerce-empty-cart-block\">\n<h2 class=\"wp-block-heading has-text-align-center with-empty-cart-icon wc-block-cart__empty-cart__title\">Seu carrinho est\u00e1 vazio no momento!<\/h2>\n\n\n\n<hr class=\"wp-block-separator has-alpha-channel-opacity is-style-dots\"\/>\n\n\n\n<h2 class=\"wp-block-heading has-text-align-center\">Novo na loja<\/h2>\n\n\n<div data-block-name=\"woocommerce\/product-new\" data-columns=\"4\" data-rows=\"1\" class=\"wc-block-grid wp-block-product-new wp-block-woocommerce-product-new wc-block-product-new has-4-columns\"><ul class=\"wc-block-grid__products\"><li class=\"wc-block-grid__product\">\n\t\t\t\t<a href=\"https:\/\/christianmoraes.com.br\/loja\/produto\/leque-silverwind-marrom\/\" class=\"wc-block-grid__product-link\">\n\t\t\t\t\t\n\t\t\t\t\t<div class=\"wc-block-grid__product-image\"><img fetchpriority=\"high\" decoding=\"async\" width=\"300\" height=\"300\" src=\"https:\/\/christianmoraes.com.br\/loja\/wp-content\/uploads\/2024\/12\/leque-de-abano-300x300.jpg\" class=\"attachment-woocommerce_thumbnail size-woocommerce_thumbnail\" alt=\"Leque Silverwind Marrom\" srcset=\"https:\/\/christianmoraes.com.br\/loja\/wp-content\/uploads\/2024\/12\/leque-de-abano-300x300.jpg 300w, https:\/\/christianmoraes.com.br\/loja\/wp-content\/uploads\/2024\/12\/leque-de-abano-150x150.jpg 150w, https:\/\/christianmoraes.com.br\/loja\/wp-content\/uploads\/2024\/12\/leque-de-abano-100x100.jpg 100w, https:\/\/christianmoraes.com.br\/loja\/wp-content\/uploads\/2024\/12\/leque-de-abano-64x64.jpg 64w, https:\/\/christianmoraes.com.br\/loja\/wp-content\/uploads\/2024\/12\/leque-de-abano.jpg 385w\" sizes=\"(max-width: 300px) 100vw, 300px\" \/><\/div>\n\t\t\t\t\t<div class=\"wc-block-grid__product-title\">Leque Silverwind Marrom<\/div>\n\t\t\t\t<\/a>\n\t\t\t\t<div class=\"wc-block-grid__product-price price\"><span class=\"woocommerce-Price-amount amount\"><span class=\"woocommerce-Price-currencySymbol\">&#082;&#036;<\/span>&nbsp;68,90<\/span><\/div>\n\t\t\t\t<div class=\"wc-block-grid__product-rating\"><div class=\"star-rating\" role=\"img\" aria-label=\"Avalia\u00e7\u00e3o 5.00 de 5\"><span style=\"width:100%\">Avaliado como <strong class=\"rating\">5.00<\/strong> de 5, com baseado em <span class=\"rating\">1<\/span> avalia\u00e7\u00e3o de cliente<\/span><\/div><\/div>\n\t\t\t\t<div class=\"wp-block-button wc-block-grid__product-add-to-cart\"><a href=\"\/loja\/wp-json\/wp\/v2\/pages\/9?add-to-cart=223\" aria-label=\"Adicione ao carrinho: &ldquo;Leque Silverwind Marrom&rdquo;\" data-quantity=\"1\" data-product_id=\"223\" data-product_sku=\"\" data-price=\"68.9\" rel=\"nofollow\" class=\"wp-block-button__link  add_to_cart_button ajax_add_to_cart\">Adicionar ao carrinho<\/a><\/div>\n\t\t\t<\/li><li class=\"wc-block-grid__product\">\n\t\t\t\t<a href=\"https:\/\/christianmoraes.com.br\/loja\/produto\/sofa-chaiselong-marrom\/\" class=\"wc-block-grid__product-link\">\n\t\t\t\t\t\n\t\t\t\t\t<div class=\"wc-block-grid__product-image\"><img decoding=\"async\" width=\"300\" height=\"300\" src=\"https:\/\/christianmoraes.com.br\/loja\/wp-content\/uploads\/2024\/12\/sofa-chaiselong-300x300.jpg\" class=\"attachment-woocommerce_thumbnail size-woocommerce_thumbnail\" alt=\"Sof\u00e1 Chaiselong Marrom\" srcset=\"https:\/\/christianmoraes.com.br\/loja\/wp-content\/uploads\/2024\/12\/sofa-chaiselong-300x300.jpg 300w, https:\/\/christianmoraes.com.br\/loja\/wp-content\/uploads\/2024\/12\/sofa-chaiselong-150x150.jpg 150w, https:\/\/christianmoraes.com.br\/loja\/wp-content\/uploads\/2024\/12\/sofa-chaiselong-100x100.jpg 100w, https:\/\/christianmoraes.com.br\/loja\/wp-content\/uploads\/2024\/12\/sofa-chaiselong-64x64.jpg 64w, https:\/\/christianmoraes.com.br\/loja\/wp-content\/uploads\/2024\/12\/sofa-chaiselong.jpg 367w\" sizes=\"(max-width: 300px) 100vw, 300px\" \/><\/div>\n\t\t\t\t\t<div class=\"wc-block-grid__product-title\">Sof\u00e1 Chaiselong Marrom<\/div>\n\t\t\t\t<\/a>\n\t\t\t\t<div class=\"wc-block-grid__product-price price\"><span class=\"woocommerce-Price-amount amount\"><span class=\"woocommerce-Price-currencySymbol\">&#082;&#036;<\/span>&nbsp;459,90<\/span><\/div>\n\t\t\t\t<div class=\"wc-block-grid__product-rating\"><div class=\"star-rating\" role=\"img\" aria-label=\"Avalia\u00e7\u00e3o 5.00 de 5\"><span style=\"width:100%\">Avaliado como <strong class=\"rating\">5.00<\/strong> de 5, com baseado em <span class=\"rating\">1<\/span> avalia\u00e7\u00e3o de cliente<\/span><\/div><\/div>\n\t\t\t\t<div class=\"wp-block-button wc-block-grid__product-add-to-cart\"><a href=\"\/loja\/wp-json\/wp\/v2\/pages\/9?add-to-cart=218\" aria-label=\"Adicione ao carrinho: &ldquo;Sof\u00e1 Chaiselong Marrom&rdquo;\" data-quantity=\"1\" data-product_id=\"218\" data-product_sku=\"\" data-price=\"459.9\" rel=\"nofollow\" class=\"wp-block-button__link  add_to_cart_button ajax_add_to_cart\">Adicionar ao carrinho<\/a><\/div>\n\t\t\t<\/li><li class=\"wc-block-grid__product\">\n\t\t\t\t<a href=\"https:\/\/christianmoraes.com.br\/loja\/produto\/cafeteira-inox-magguchi\/\" class=\"wc-block-grid__product-link\">\n\t\t\t\t\t<div class=\"wc-block-grid__product-onsale\">\n\t\t\t<span aria-hidden=\"true\">Oferta<\/span>\n\t\t\t<span class=\"screen-reader-text\">Produto em promo\u00e7\u00e3o<\/span>\n\t\t<\/div>\n\t\t\t\t\t<div class=\"wc-block-grid__product-image\"><img decoding=\"async\" width=\"300\" height=\"300\" src=\"https:\/\/christianmoraes.com.br\/loja\/wp-content\/uploads\/2024\/12\/cafeteira_inox-300x300.webp\" class=\"attachment-woocommerce_thumbnail size-woocommerce_thumbnail\" alt=\"Cafeteira Inox Magguchi\" srcset=\"https:\/\/christianmoraes.com.br\/loja\/wp-content\/uploads\/2024\/12\/cafeteira_inox-300x300.webp 300w, https:\/\/christianmoraes.com.br\/loja\/wp-content\/uploads\/2024\/12\/cafeteira_inox-150x150.webp 150w, https:\/\/christianmoraes.com.br\/loja\/wp-content\/uploads\/2024\/12\/cafeteira_inox-100x100.webp 100w, https:\/\/christianmoraes.com.br\/loja\/wp-content\/uploads\/2024\/12\/cafeteira_inox.webp 600w\" sizes=\"(max-width: 300px) 100vw, 300px\" \/><\/div>\n\t\t\t\t\t<div class=\"wc-block-grid__product-title\">Cafeteira Inox Magguchi<\/div>\n\t\t\t\t<\/a>\n\t\t\t\t<div class=\"wc-block-grid__product-price price\"><del aria-hidden=\"true\"><span class=\"woocommerce-Price-amount amount\"><span class=\"woocommerce-Price-currencySymbol\">&#082;&#036;<\/span>&nbsp;79,90<\/span><\/del> <span class=\"screen-reader-text\">O pre\u00e7o original era: &#082;&#036;&nbsp;79,90.<\/span><ins aria-hidden=\"true\"><span class=\"woocommerce-Price-amount amount\"><span class=\"woocommerce-Price-currencySymbol\">&#082;&#036;<\/span>&nbsp;69,90<\/span><\/ins><span class=\"screen-reader-text\">O pre\u00e7o atual \u00e9: &#082;&#036;&nbsp;69,90.<\/span><\/div>\n\t\t\t\t<div class=\"wc-block-grid__product-rating\"><div class=\"star-rating\" role=\"img\" aria-label=\"Avalia\u00e7\u00e3o 5.00 de 5\"><span style=\"width:100%\">Avaliado como <strong class=\"rating\">5.00<\/strong> de 5, com baseado em <span class=\"rating\">1<\/span> avalia\u00e7\u00e3o de cliente<\/span><\/div><\/div>\n\t\t\t\t<div class=\"wp-block-button wc-block-grid__product-add-to-cart\"><a href=\"\/loja\/wp-json\/wp\/v2\/pages\/9?add-to-cart=186\" aria-label=\"Adicione ao carrinho: &ldquo;Cafeteira Inox Magguchi&rdquo;\" data-quantity=\"1\" data-product_id=\"186\" data-product_sku=\"\" data-price=\"69.9\" rel=\"nofollow\" class=\"wp-block-button__link  add_to_cart_button ajax_add_to_cart\">Adicionar ao carrinho<\/a><\/div>\n\t\t\t<\/li><li class=\"wc-block-grid__product\">\n\t\t\t\t<a href=\"https:\/\/christianmoraes.com.br\/loja\/produto\/par-de-xicaras-coracao\/\" class=\"wc-block-grid__product-link\">\n\t\t\t\t\t<div class=\"wc-block-grid__product-onsale\">\n\t\t\t<span aria-hidden=\"true\">Oferta<\/span>\n\t\t\t<span class=\"screen-reader-text\">Produto em promo\u00e7\u00e3o<\/span>\n\t\t<\/div>\n\t\t\t\t\t<div class=\"wc-block-grid__product-image\"><img loading=\"lazy\" decoding=\"async\" width=\"300\" height=\"300\" src=\"https:\/\/christianmoraes.com.br\/loja\/wp-content\/uploads\/2024\/12\/conjunto-xicaras-coracao-300x300.jpg\" class=\"attachment-woocommerce_thumbnail size-woocommerce_thumbnail\" alt=\"Par de X\u00edcaras Cora\u00e7\u00e3o\" srcset=\"https:\/\/christianmoraes.com.br\/loja\/wp-content\/uploads\/2024\/12\/conjunto-xicaras-coracao-300x300.jpg 300w, https:\/\/christianmoraes.com.br\/loja\/wp-content\/uploads\/2024\/12\/conjunto-xicaras-coracao-150x150.jpg 150w, https:\/\/christianmoraes.com.br\/loja\/wp-content\/uploads\/2024\/12\/conjunto-xicaras-coracao-100x100.jpg 100w\" sizes=\"(max-width: 300px) 100vw, 300px\" \/><\/div>\n\t\t\t\t\t<div class=\"wc-block-grid__product-title\">Par de X\u00edcaras Cora\u00e7\u00e3o<\/div>\n\t\t\t\t<\/a>\n\t\t\t\t<div class=\"wc-block-grid__product-price price\"><del aria-hidden=\"true\"><span class=\"woocommerce-Price-amount amount\"><span class=\"woocommerce-Price-currencySymbol\">&#082;&#036;<\/span>&nbsp;29,90<\/span><\/del> <span class=\"screen-reader-text\">O pre\u00e7o original era: &#082;&#036;&nbsp;29,90.<\/span><ins aria-hidden=\"true\"><span class=\"woocommerce-Price-amount amount\"><span class=\"woocommerce-Price-currencySymbol\">&#082;&#036;<\/span>&nbsp;27,90<\/span><\/ins><span class=\"screen-reader-text\">O pre\u00e7o atual \u00e9: &#082;&#036;&nbsp;27,90.<\/span><\/div>\n\t\t\t\t<div class=\"wc-block-grid__product-rating\"><div class=\"star-rating\" role=\"img\" aria-label=\"Avalia\u00e7\u00e3o 3.00 de 5\"><span style=\"width:60%\">Avaliado como <strong class=\"rating\">3.00<\/strong> de 5, com baseado em <span class=\"rating\">1<\/span> avalia\u00e7\u00e3o de cliente<\/span><\/div><\/div>\n\t\t\t\t<div class=\"wp-block-button wc-block-grid__product-add-to-cart\"><a href=\"\/loja\/wp-json\/wp\/v2\/pages\/9?add-to-cart=185\" aria-label=\"Adicione ao carrinho: &ldquo;Par de X\u00edcaras Cora\u00e7\u00e3o&rdquo;\" data-quantity=\"1\" data-product_id=\"185\" data-product_sku=\"\" data-price=\"27.9\" rel=\"nofollow\" class=\"wp-block-button__link  add_to_cart_button ajax_add_to_cart\">Adicionar ao carrinho<\/a><\/div>\n\t\t\t<\/li><\/ul><\/div><\/div>\n<\/div>\n","protected":false},"excerpt":{"rendered":"","protected":false},"author":1,"featured_media":0,"parent":0,"menu_order":0,"comment_status":"closed","ping_status":"closed","template":"","meta":{"footnotes":""},"class_list":["post-9","page","type-page","status-publish","hentry"],"yoast_head":"<!-- This site is optimized with the Yoast SEO plugin v27.4 - https:\/\/yoast.com\/product\/yoast-seo-wordpress\/ -->\n<title>Carrinho - Christian Moraes - Loja<\/title>\n<meta name=\"robots\" content=\"index, follow, max-snippet:-1, max-image-preview:large, max-video-preview:-1\" \/>\n<link rel=\"canonical\" href=\"https:\/\/christianmoraes.com.br\/loja\/carrinho\/\" \/>\n<meta property=\"og:locale\" content=\"pt_BR\" \/>\n<meta property=\"og:type\" content=\"article\" \/>\n<meta property=\"og:title\" content=\"Carrinho - Christian Moraes - Loja\" \/>\n<meta property=\"og:url\" content=\"https:\/\/christianmoraes.com.br\/loja\/carrinho\/\" \/>\n<meta property=\"og:site_name\" content=\"Christian Moraes - Loja\" \/>\n<meta property=\"article:publisher\" content=\"https:\/\/facebook.com\/oficialchristianmoraes\/\" \/>\n<meta property=\"article:modified_time\" content=\"2024-12-12T11:48:54+00:00\" \/>\n<meta name=\"twitter:card\" content=\"summary_large_image\" \/>\n<script type=\"application\/ld+json\" class=\"yoast-schema-graph\">{\"@context\":\"https:\\\/\\\/schema.org\",\"@graph\":[{\"@type\":\"WebPage\",\"@id\":\"https:\\\/\\\/christianmoraes.com.br\\\/loja\\\/carrinho\\\/\",\"url\":\"https:\\\/\\\/christianmoraes.com.br\\\/loja\\\/carrinho\\\/\",\"name\":\"Carrinho - Christian Moraes - Loja\",\"isPartOf\":{\"@id\":\"https:\\\/\\\/christianmoraes.com.br\\\/loja\\\/#website\"},\"datePublished\":\"2024-12-11T12:44:04+00:00\",\"dateModified\":\"2024-12-12T11:48:54+00:00\",\"breadcrumb\":{\"@id\":\"https:\\\/\\\/christianmoraes.com.br\\\/loja\\\/carrinho\\\/#breadcrumb\"},\"inLanguage\":\"pt-BR\",\"potentialAction\":[{\"@type\":\"ReadAction\",\"target\":[\"https:\\\/\\\/christianmoraes.com.br\\\/loja\\\/carrinho\\\/\"]}]},{\"@type\":\"BreadcrumbList\",\"@id\":\"https:\\\/\\\/christianmoraes.com.br\\\/loja\\\/carrinho\\\/#breadcrumb\",\"itemListElement\":[{\"@type\":\"ListItem\",\"position\":1,\"name\":\"In\u00edcio\",\"item\":\"https:\\\/\\\/christianmoraes.com.br\\\/loja\\\/\"},{\"@type\":\"ListItem\",\"position\":2,\"name\":\"Carrinho\"}]},{\"@type\":\"WebSite\",\"@id\":\"https:\\\/\\\/christianmoraes.com.br\\\/loja\\\/#website\",\"url\":\"https:\\\/\\\/christianmoraes.com.br\\\/loja\\\/\",\"name\":\"Christian Moraes - Loja\",\"description\":\" Bem-vindo(a) ao meu site! Aqui voc\u00ea encontra m\u00fasica crist\u00e3 inspiradora, agenda de eventos e uma loja com produtos exclusivos para aben\u00e7oar sua vida.\",\"publisher\":{\"@id\":\"https:\\\/\\\/christianmoraes.com.br\\\/loja\\\/#\\\/schema\\\/person\\\/bc214bcb240b541e0690e0d4c4421b1f\"},\"potentialAction\":[{\"@type\":\"SearchAction\",\"target\":{\"@type\":\"EntryPoint\",\"urlTemplate\":\"https:\\\/\\\/christianmoraes.com.br\\\/loja\\\/?s={search_term_string}\"},\"query-input\":{\"@type\":\"PropertyValueSpecification\",\"valueRequired\":true,\"valueName\":\"search_term_string\"}}],\"inLanguage\":\"pt-BR\"},{\"@type\":[\"Person\",\"Organization\"],\"@id\":\"https:\\\/\\\/christianmoraes.com.br\\\/loja\\\/#\\\/schema\\\/person\\\/bc214bcb240b541e0690e0d4c4421b1f\",\"name\":\"Christian\",\"image\":{\"@type\":\"ImageObject\",\"inLanguage\":\"pt-BR\",\"@id\":\"https:\\\/\\\/christianmoraes.com.br\\\/loja\\\/wp-content\\\/uploads\\\/2024\\\/12\\\/cropped-logo.png\",\"url\":\"https:\\\/\\\/christianmoraes.com.br\\\/loja\\\/wp-content\\\/uploads\\\/2024\\\/12\\\/cropped-logo.png\",\"contentUrl\":\"https:\\\/\\\/christianmoraes.com.br\\\/loja\\\/wp-content\\\/uploads\\\/2024\\\/12\\\/cropped-logo.png\",\"width\":469,\"height\":120,\"caption\":\"Christian\"},\"logo\":{\"@id\":\"https:\\\/\\\/christianmoraes.com.br\\\/loja\\\/wp-content\\\/uploads\\\/2024\\\/12\\\/cropped-logo.png\"},\"sameAs\":[\"https:\\\/\\\/christianmoraes.com.br\\\/loja\",\"https:\\\/\\\/facebook.com\\\/oficialchristianmoraes\\\/\",\"https:\\\/\\\/instagram.com\\\/christiianmoraes\\\/\",\"https:\\\/\\\/youtube.com\\\/@Christiianmoraes\"]}]}<\/script>\n<!-- \/ Yoast SEO plugin. -->","yoast_head_json":{"title":"Carrinho - Christian Moraes - Loja","robots":{"index":"index","follow":"follow","max-snippet":"max-snippet:-1","max-image-preview":"max-image-preview:large","max-video-preview":"max-video-preview:-1"},"canonical":"https:\/\/christianmoraes.com.br\/loja\/carrinho\/","og_locale":"pt_BR","og_type":"article","og_title":"Carrinho - Christian Moraes - Loja","og_url":"https:\/\/christianmoraes.com.br\/loja\/carrinho\/","og_site_name":"Christian Moraes - Loja","article_publisher":"https:\/\/facebook.com\/oficialchristianmoraes\/","article_modified_time":"2024-12-12T11:48:54+00:00","twitter_card":"summary_large_image","schema":{"@context":"https:\/\/schema.org","@graph":[{"@type":"WebPage","@id":"https:\/\/christianmoraes.com.br\/loja\/carrinho\/","url":"https:\/\/christianmoraes.com.br\/loja\/carrinho\/","name":"Carrinho - Christian Moraes - Loja","isPartOf":{"@id":"https:\/\/christianmoraes.com.br\/loja\/#website"},"datePublished":"2024-12-11T12:44:04+00:00","dateModified":"2024-12-12T11:48:54+00:00","breadcrumb":{"@id":"https:\/\/christianmoraes.com.br\/loja\/carrinho\/#breadcrumb"},"inLanguage":"pt-BR","potentialAction":[{"@type":"ReadAction","target":["https:\/\/christianmoraes.com.br\/loja\/carrinho\/"]}]},{"@type":"BreadcrumbList","@id":"https:\/\/christianmoraes.com.br\/loja\/carrinho\/#breadcrumb","itemListElement":[{"@type":"ListItem","position":1,"name":"In\u00edcio","item":"https:\/\/christianmoraes.com.br\/loja\/"},{"@type":"ListItem","position":2,"name":"Carrinho"}]},{"@type":"WebSite","@id":"https:\/\/christianmoraes.com.br\/loja\/#website","url":"https:\/\/christianmoraes.com.br\/loja\/","name":"Christian Moraes - Loja","description":" Bem-vindo(a) ao meu site! Aqui voc\u00ea encontra m\u00fasica crist\u00e3 inspiradora, agenda de eventos e uma loja com produtos exclusivos para aben\u00e7oar sua vida.","publisher":{"@id":"https:\/\/christianmoraes.com.br\/loja\/#\/schema\/person\/bc214bcb240b541e0690e0d4c4421b1f"},"potentialAction":[{"@type":"SearchAction","target":{"@type":"EntryPoint","urlTemplate":"https:\/\/christianmoraes.com.br\/loja\/?s={search_term_string}"},"query-input":{"@type":"PropertyValueSpecification","valueRequired":true,"valueName":"search_term_string"}}],"inLanguage":"pt-BR"},{"@type":["Person","Organization"],"@id":"https:\/\/christianmoraes.com.br\/loja\/#\/schema\/person\/bc214bcb240b541e0690e0d4c4421b1f","name":"Christian","image":{"@type":"ImageObject","inLanguage":"pt-BR","@id":"https:\/\/christianmoraes.com.br\/loja\/wp-content\/uploads\/2024\/12\/cropped-logo.png","url":"https:\/\/christianmoraes.com.br\/loja\/wp-content\/uploads\/2024\/12\/cropped-logo.png","contentUrl":"https:\/\/christianmoraes.com.br\/loja\/wp-content\/uploads\/2024\/12\/cropped-logo.png","width":469,"height":120,"caption":"Christian"},"logo":{"@id":"https:\/\/christianmoraes.com.br\/loja\/wp-content\/uploads\/2024\/12\/cropped-logo.png"},"sameAs":["https:\/\/christianmoraes.com.br\/loja","https:\/\/facebook.com\/oficialchristianmoraes\/","https:\/\/instagram.com\/christiianmoraes\/","https:\/\/youtube.com\/@Christiianmoraes"]}]}},"jetpack_sharing_enabled":true,"_links":{"self":[{"href":"https:\/\/christianmoraes.com.br\/loja\/wp-json\/wp\/v2\/pages\/9","targetHints":{"allow":["GET"]}}],"collection":[{"href":"https:\/\/christianmoraes.com.br\/loja\/wp-json\/wp\/v2\/pages"}],"about":[{"href":"https:\/\/christianmoraes.com.br\/loja\/wp-json\/wp\/v2\/types\/page"}],"author":[{"embeddable":true,"href":"https:\/\/christianmoraes.com.br\/loja\/wp-json\/wp\/v2\/users\/1"}],"replies":[{"embeddable":true,"href":"https:\/\/christianmoraes.com.br\/loja\/wp-json\/wp\/v2\/comments?post=9"}],"version-history":[{"count":1,"href":"https:\/\/christianmoraes.com.br\/loja\/wp-json\/wp\/v2\/pages\/9\/revisions"}],"predecessor-version":[{"id":61,"href":"https:\/\/christianmoraes.com.br\/loja\/wp-json\/wp\/v2\/pages\/9\/revisions\/61"}],"wp:attachment":[{"href":"https:\/\/christianmoraes.com.br\/loja\/wp-json\/wp\/v2\/media?parent=9"}],"curies":[{"name":"wp","href":"https:\/\/api.w.org\/{rel}","templated":true}]}}