{"id":64,"date":"2024-12-11T16:46:59","date_gmt":"2024-12-11T16:46:59","guid":{"rendered":"https:\/\/christianmoraes.com.br\/loja\/?page_id=64"},"modified":"2024-12-17T19:41:37","modified_gmt":"2024-12-17T19:41:37","slug":"inicio","status":"publish","type":"page","link":"https:\/\/christianmoraes.com.br\/loja\/","title":{"rendered":"In\u00edcio"},"content":{"rendered":"\t\t<div data-elementor-type=\"wp-page\" data-elementor-id=\"64\" class=\"elementor elementor-64\" data-elementor-post-type=\"page\">\n\t\t\t\t<header class=\"elementor-element elementor-element-14a24b6 e-con-full e-flex e-con e-parent\" data-id=\"14a24b6\" data-element_type=\"container\" data-e-type=\"container\">\n\t\t\t\t<div class=\"elementor-element elementor-element-6c93532 elementor-widget-tablet__width-initial elementor-arrows-position-inside elementor-pagination-position-outside elementor-widget elementor-widget-image-carousel\" data-id=\"6c93532\" data-element_type=\"widget\" data-e-type=\"widget\" data-settings=\"{&quot;slides_to_show&quot;:&quot;1&quot;,&quot;navigation&quot;:&quot;both&quot;,&quot;autoplay&quot;:&quot;yes&quot;,&quot;pause_on_hover&quot;:&quot;yes&quot;,&quot;pause_on_interaction&quot;:&quot;yes&quot;,&quot;autoplay_speed&quot;:5000,&quot;infinite&quot;:&quot;yes&quot;,&quot;effect&quot;:&quot;slide&quot;,&quot;speed&quot;:500}\" data-widget_type=\"image-carousel.default\">\n\t\t\t\t<div class=\"elementor-widget-container\">\n\t\t\t\t\t\t\t<div class=\"elementor-image-carousel-wrapper swiper\" role=\"region\" aria-roledescription=\"carousel\" aria-label=\"Carrossel de imagens\" dir=\"ltr\">\n\t\t\t<div class=\"elementor-image-carousel swiper-wrapper swiper-image-stretch\" aria-live=\"off\">\n\t\t\t\t\t\t\t\t<div class=\"swiper-slide\" role=\"group\" aria-roledescription=\"slide\" aria-label=\"1 de 2\"><a data-elementor-open-lightbox=\"yes\" data-elementor-lightbox-slideshow=\"6c93532\" data-elementor-lightbox-title=\"capa-loja\" data-e-action-hash=\"#elementor-action%3Aaction%3Dlightbox%26settings%3DeyJpZCI6MzkzLCJ1cmwiOiJodHRwczpcL1wvY2hyaXN0aWFubW9yYWVzLmNvbS5iclwvbG9qYVwvd3AtY29udGVudFwvdXBsb2Fkc1wvMjAyNFwvMTJcL2NhcGEtbG9qYS53ZWJwIiwic2xpZGVzaG93IjoiNmM5MzUzMiJ9\" href=\"https:\/\/open.spotify.com\/intl-pt\/artist\/4QgBrUtujDpoBh5tJxlfG1\" target=\"_blank\"><figure class=\"swiper-slide-inner\"><img decoding=\"async\" class=\"swiper-slide-image\" src=\"https:\/\/christianmoraes.com.br\/loja\/wp-content\/uploads\/2024\/12\/capa-loja.webp\" alt=\"capa-loja\" \/><\/figure><\/a><\/div><div class=\"swiper-slide\" role=\"group\" aria-roledescription=\"slide\" aria-label=\"2 de 2\"><a data-elementor-open-lightbox=\"yes\" data-elementor-lightbox-slideshow=\"6c93532\" data-elementor-lightbox-title=\"capa-loja\" data-e-action-hash=\"#elementor-action%3Aaction%3Dlightbox%26settings%3DeyJpZCI6Mzk0LCJ1cmwiOiJodHRwczpcL1wvY2hyaXN0aWFubW9yYWVzLmNvbS5iclwvbG9qYVwvd3AtY29udGVudFwvdXBsb2Fkc1wvMjAyNFwvMTJcL2NhcGEtbG9qYS0xLndlYnAiLCJzbGlkZXNob3ciOiI2YzkzNTMyIn0%3D\" href=\"https:\/\/open.spotify.com\/intl-pt\/artist\/4QgBrUtujDpoBh5tJxlfG1\" target=\"_blank\"><figure class=\"swiper-slide-inner\"><img decoding=\"async\" class=\"swiper-slide-image\" src=\"https:\/\/christianmoraes.com.br\/loja\/wp-content\/uploads\/2024\/12\/capa-loja-1.webp\" alt=\"capa-loja\" \/><\/figure><\/a><\/div>\t\t\t<\/div>\n\t\t\t\t\t\t\t\t\t\t\t\t<div class=\"elementor-swiper-button elementor-swiper-button-prev\" role=\"button\" tabindex=\"0\">\n\t\t\t\t\t\t<svg aria-hidden=\"true\" class=\"e-font-icon-svg e-eicon-chevron-left\" viewBox=\"0 0 1000 1000\" xmlns=\"http:\/\/www.w3.org\/2000\/svg\"><path d=\"M646 125C629 125 613 133 604 142L308 442C296 454 292 471 292 487 292 504 296 521 308 533L604 854C617 867 629 875 646 875 663 875 679 871 692 858 704 846 713 829 713 812 713 796 708 779 692 767L438 487 692 225C700 217 708 204 708 187 708 171 704 154 692 142 675 129 663 125 646 125Z\"><\/path><\/svg>\t\t\t\t\t<\/div>\n\t\t\t\t\t<div class=\"elementor-swiper-button elementor-swiper-button-next\" role=\"button\" tabindex=\"0\">\n\t\t\t\t\t\t<svg aria-hidden=\"true\" class=\"e-font-icon-svg e-eicon-chevron-right\" viewBox=\"0 0 1000 1000\" xmlns=\"http:\/\/www.w3.org\/2000\/svg\"><path d=\"M696 533C708 521 713 504 713 487 713 471 708 454 696 446L400 146C388 133 375 125 354 125 338 125 325 129 313 142 300 154 292 171 292 187 292 204 296 221 308 233L563 492 304 771C292 783 288 800 288 817 288 833 296 850 308 863 321 871 338 875 354 875 371 875 388 867 400 854L696 533Z\"><\/path><\/svg>\t\t\t\t\t<\/div>\n\t\t\t\t\n\t\t\t\t\t\t\t\t\t<div class=\"swiper-pagination\"><\/div>\n\t\t\t\t\t\t\t\t\t<\/div>\n\t\t\t\t\t\t<\/div>\n\t\t\t\t<\/div>\n\t\t\t\t<\/header>\n\t\t<div class=\"elementor-element elementor-element-a55f1ff e-flex e-con-boxed e-con e-parent\" data-id=\"a55f1ff\" data-element_type=\"container\" data-e-type=\"container\" id=\"loja\">\n\t\t\t\t\t<div class=\"e-con-inner\">\n\t\t\t\t<div class=\"elementor-element elementor-element-1606506 elementor-widget-divider--view-line_text elementor-widget-divider--element-align-center elementor-widget elementor-widget-divider\" data-id=\"1606506\" data-element_type=\"widget\" data-e-type=\"widget\" data-widget_type=\"divider.default\">\n\t\t\t\t<div class=\"elementor-widget-container\">\n\t\t\t\t\t\t\t<div class=\"elementor-divider\">\n\t\t\t<span class=\"elementor-divider-separator\">\n\t\t\t\t\t\t\t<h1 class=\"elementor-divider__text elementor-divider__element\">\n\t\t\t\tLAN\u00c7AMENTOS\t\t\t\t<\/h1>\n\t\t\t\t\t\t<\/span>\n\t\t<\/div>\n\t\t\t\t\t\t<\/div>\n\t\t\t\t<\/div>\n\t\t\t\t<div class=\"elementor-element elementor-element-e216632 elementor-align-center elementor-invisible elementor-widget elementor-widget-shopengine-product-list\" data-id=\"e216632\" data-element_type=\"widget\" data-e-type=\"widget\" data-settings=\"{&quot;_animation&quot;:&quot;slideInDown&quot;,&quot;show_product_hover_overlay&quot;:&quot;yes&quot;,&quot;product_hover_overlay_position&quot;:&quot;bottom&quot;}\" data-widget_type=\"shopengine-product-list.default\">\n\t\t\t\t<div class=\"elementor-widget-container\">\n\t\t\t\t\t<div class=\"shopengine shopengine-widget\"><\/div>\t\t\t\t<\/div>\n\t\t\t\t<\/div>\n\t\t\t\t\t<\/div>\n\t\t\t\t<\/div>\n\t\t<div class=\"elementor-element elementor-element-de8c2f4 e-flex e-con-boxed e-con e-parent\" data-id=\"de8c2f4\" data-element_type=\"container\" data-e-type=\"container\">\n\t\t\t\t\t<div class=\"e-con-inner\">\n\t\t\t\t<div class=\"elementor-element elementor-element-c5c75bb elementor-widget-divider--view-line_text elementor-widget-divider--element-align-center elementor-widget elementor-widget-divider\" data-id=\"c5c75bb\" data-element_type=\"widget\" data-e-type=\"widget\" data-widget_type=\"divider.default\">\n\t\t\t\t<div class=\"elementor-widget-container\">\n\t\t\t\t\t\t\t<div class=\"elementor-divider\">\n\t\t\t<span class=\"elementor-divider-separator\">\n\t\t\t\t\t\t\t<h1 class=\"elementor-divider__text elementor-divider__element\">\n\t\t\t\t+ VENDIDOS\t\t\t\t<\/h1>\n\t\t\t\t\t\t<\/span>\n\t\t<\/div>\n\t\t\t\t\t\t<\/div>\n\t\t\t\t<\/div>\n\t\t\t\t<div class=\"elementor-element elementor-element-5bcbc08 elementor-align-center elementor-invisible elementor-widget elementor-widget-shopengine-product-list\" data-id=\"5bcbc08\" data-element_type=\"widget\" data-e-type=\"widget\" data-settings=\"{&quot;_animation&quot;:&quot;slideInDown&quot;,&quot;show_product_hover_overlay&quot;:&quot;yes&quot;,&quot;product_hover_overlay_position&quot;:&quot;bottom&quot;}\" data-widget_type=\"shopengine-product-list.default\">\n\t\t\t\t<div class=\"elementor-widget-container\">\n\t\t\t\t\t<div class=\"shopengine shopengine-widget\"><\/div>\t\t\t\t<\/div>\n\t\t\t\t<\/div>\n\t\t\t\t\t<\/div>\n\t\t\t\t<\/div>\n\t\t\t\t<\/div>\n\t\t","protected":false},"excerpt":{"rendered":"<p>LAN\u00c7AMENTOS Comprar Acess\u00f3rios Leque Silverwind Marrom Avalia\u00e7\u00e3o 5.00 de 5(1) &#82;&#36;&nbsp;68,90 Comprar Livros Sof\u00e1 Chaiselong Marrom Avalia\u00e7\u00e3o 5.00 de 5(1) &#82;&#36;&nbsp;459,90 Comprar -13% Sem categoria Cafeteira Inox Magguchi Avalia\u00e7\u00e3o 5.00 de 5(1) &#82;&#36;&nbsp;79,90 O pre\u00e7o original era: &#082;&#036;&nbsp;79,90.&#82;&#36;&nbsp;69,90O pre\u00e7o atual \u00e9: &#082;&#036;&nbsp;69,90. Comprar -7% Categoria Teste 1 Par de X\u00edcaras Cora\u00e7\u00e3o Avalia\u00e7\u00e3o 3.00 de 5(1) [&hellip;]<\/p>\n","protected":false},"author":1,"featured_media":0,"parent":0,"menu_order":0,"comment_status":"closed","ping_status":"closed","template":"","meta":{"footnotes":""},"class_list":["post-64","page","type-page","status-publish","hentry"],"yoast_head":"<!-- This site is optimized with the Yoast SEO plugin v27.4 - https:\/\/yoast.com\/product\/yoast-seo-wordpress\/ -->\n<title>In\u00edcio - Christian Moraes - Loja<\/title>\n<meta name=\"description\" content=\"Bem-Vindo(a) \u00e0 minha loja oficial. Site Christian Moraes Oficial. Entre para ver nossos \u00faltimos lan\u00e7amentos!\" \/>\n<meta name=\"robots\" content=\"index, follow, max-snippet:-1, max-image-preview:large, max-video-preview:-1\" \/>\n<link rel=\"canonical\" href=\"https:\/\/christianmoraes.com.br\/loja\/\" \/>\n<meta property=\"og:locale\" content=\"pt_BR\" \/>\n<meta property=\"og:type\" content=\"article\" \/>\n<meta property=\"og:title\" content=\"In\u00edcio - Christian Moraes - Loja\" \/>\n<meta property=\"og:description\" content=\"Bem-Vindo(a) \u00e0 minha loja oficial. Site Christian Moraes Oficial. Entre para ver nossos \u00faltimos lan\u00e7amentos!\" \/>\n<meta property=\"og:url\" content=\"https:\/\/christianmoraes.com.br\/loja\/\" \/>\n<meta property=\"og:site_name\" content=\"Christian Moraes - Loja\" \/>\n<meta property=\"article:publisher\" content=\"https:\/\/facebook.com\/oficialchristianmoraes\/\" \/>\n<meta property=\"article:modified_time\" content=\"2024-12-17T19:41:37+00:00\" \/>\n<meta property=\"og:image\" content=\"https:\/\/christianmoraes.com.br\/loja\/wp-content\/uploads\/2024\/12\/capa-loja.webp\" \/>\n<meta name=\"twitter:card\" content=\"summary_large_image\" \/>\n<meta name=\"twitter:label1\" content=\"Est. tempo de leitura\" \/>\n\t<meta name=\"twitter:data1\" content=\"5 minutos\" \/>\n<script type=\"application\/ld+json\" class=\"yoast-schema-graph\">{\"@context\":\"https:\\\/\\\/schema.org\",\"@graph\":[{\"@type\":\"WebPage\",\"@id\":\"https:\\\/\\\/christianmoraes.com.br\\\/loja\\\/\",\"url\":\"https:\\\/\\\/christianmoraes.com.br\\\/loja\\\/\",\"name\":\"In\u00edcio - Christian Moraes - Loja\",\"isPartOf\":{\"@id\":\"https:\\\/\\\/christianmoraes.com.br\\\/loja\\\/#website\"},\"primaryImageOfPage\":{\"@id\":\"https:\\\/\\\/christianmoraes.com.br\\\/loja\\\/#primaryimage\"},\"image\":{\"@id\":\"https:\\\/\\\/christianmoraes.com.br\\\/loja\\\/#primaryimage\"},\"thumbnailUrl\":\"https:\\\/\\\/christianmoraes.com.br\\\/loja\\\/wp-content\\\/uploads\\\/2024\\\/12\\\/capa-loja.webp\",\"datePublished\":\"2024-12-11T16:46:59+00:00\",\"dateModified\":\"2024-12-17T19:41:37+00:00\",\"description\":\"Bem-Vindo(a) \u00e0 minha loja oficial. Site Christian Moraes Oficial. Entre para ver nossos \u00faltimos lan\u00e7amentos!\",\"breadcrumb\":{\"@id\":\"https:\\\/\\\/christianmoraes.com.br\\\/loja\\\/#breadcrumb\"},\"inLanguage\":\"pt-BR\",\"potentialAction\":[{\"@type\":\"ReadAction\",\"target\":[\"https:\\\/\\\/christianmoraes.com.br\\\/loja\\\/\"]}]},{\"@type\":\"ImageObject\",\"inLanguage\":\"pt-BR\",\"@id\":\"https:\\\/\\\/christianmoraes.com.br\\\/loja\\\/#primaryimage\",\"url\":\"https:\\\/\\\/christianmoraes.com.br\\\/loja\\\/wp-content\\\/uploads\\\/2024\\\/12\\\/capa-loja.webp\",\"contentUrl\":\"https:\\\/\\\/christianmoraes.com.br\\\/loja\\\/wp-content\\\/uploads\\\/2024\\\/12\\\/capa-loja.webp\",\"width\":1860,\"height\":797},{\"@type\":\"BreadcrumbList\",\"@id\":\"https:\\\/\\\/christianmoraes.com.br\\\/loja\\\/#breadcrumb\",\"itemListElement\":[{\"@type\":\"ListItem\",\"position\":1,\"name\":\"In\u00edcio\",\"item\":\"https:\\\/\\\/christianmoraes.com.br\\\/loja\\\/\"},{\"@type\":\"ListItem\",\"position\":2,\"name\":\"In\u00edcio\"}]},{\"@type\":\"WebSite\",\"@id\":\"https:\\\/\\\/christianmoraes.com.br\\\/loja\\\/#website\",\"url\":\"https:\\\/\\\/christianmoraes.com.br\\\/loja\\\/\",\"name\":\"Christian Moraes - Loja\",\"description\":\" Bem-vindo(a) ao meu site! Aqui voc\u00ea encontra m\u00fasica crist\u00e3 inspiradora, agenda de eventos e uma loja com produtos exclusivos para aben\u00e7oar sua vida.\",\"publisher\":{\"@id\":\"https:\\\/\\\/christianmoraes.com.br\\\/loja\\\/#\\\/schema\\\/person\\\/bc214bcb240b541e0690e0d4c4421b1f\"},\"potentialAction\":[{\"@type\":\"SearchAction\",\"target\":{\"@type\":\"EntryPoint\",\"urlTemplate\":\"https:\\\/\\\/christianmoraes.com.br\\\/loja\\\/?s={search_term_string}\"},\"query-input\":{\"@type\":\"PropertyValueSpecification\",\"valueRequired\":true,\"valueName\":\"search_term_string\"}}],\"inLanguage\":\"pt-BR\"},{\"@type\":[\"Person\",\"Organization\"],\"@id\":\"https:\\\/\\\/christianmoraes.com.br\\\/loja\\\/#\\\/schema\\\/person\\\/bc214bcb240b541e0690e0d4c4421b1f\",\"name\":\"Christian\",\"image\":{\"@type\":\"ImageObject\",\"inLanguage\":\"pt-BR\",\"@id\":\"https:\\\/\\\/christianmoraes.com.br\\\/loja\\\/wp-content\\\/uploads\\\/2024\\\/12\\\/cropped-logo.png\",\"url\":\"https:\\\/\\\/christianmoraes.com.br\\\/loja\\\/wp-content\\\/uploads\\\/2024\\\/12\\\/cropped-logo.png\",\"contentUrl\":\"https:\\\/\\\/christianmoraes.com.br\\\/loja\\\/wp-content\\\/uploads\\\/2024\\\/12\\\/cropped-logo.png\",\"width\":469,\"height\":120,\"caption\":\"Christian\"},\"logo\":{\"@id\":\"https:\\\/\\\/christianmoraes.com.br\\\/loja\\\/wp-content\\\/uploads\\\/2024\\\/12\\\/cropped-logo.png\"},\"sameAs\":[\"https:\\\/\\\/christianmoraes.com.br\\\/loja\",\"https:\\\/\\\/facebook.com\\\/oficialchristianmoraes\\\/\",\"https:\\\/\\\/instagram.com\\\/christiianmoraes\\\/\",\"https:\\\/\\\/youtube.com\\\/@Christiianmoraes\"]}]}<\/script>\n<!-- \/ Yoast SEO plugin. -->","yoast_head_json":{"title":"In\u00edcio - Christian Moraes - Loja","description":"Bem-Vindo(a) \u00e0 minha loja oficial. Site Christian Moraes Oficial. Entre para ver nossos \u00faltimos lan\u00e7amentos!","robots":{"index":"index","follow":"follow","max-snippet":"max-snippet:-1","max-image-preview":"max-image-preview:large","max-video-preview":"max-video-preview:-1"},"canonical":"https:\/\/christianmoraes.com.br\/loja\/","og_locale":"pt_BR","og_type":"article","og_title":"In\u00edcio - Christian Moraes - Loja","og_description":"Bem-Vindo(a) \u00e0 minha loja oficial. Site Christian Moraes Oficial. Entre para ver nossos \u00faltimos lan\u00e7amentos!","og_url":"https:\/\/christianmoraes.com.br\/loja\/","og_site_name":"Christian Moraes - Loja","article_publisher":"https:\/\/facebook.com\/oficialchristianmoraes\/","article_modified_time":"2024-12-17T19:41:37+00:00","og_image":[{"url":"https:\/\/christianmoraes.com.br\/loja\/wp-content\/uploads\/2024\/12\/capa-loja.webp","type":"","width":"","height":""}],"twitter_card":"summary_large_image","twitter_misc":{"Est. tempo de leitura":"5 minutos"},"schema":{"@context":"https:\/\/schema.org","@graph":[{"@type":"WebPage","@id":"https:\/\/christianmoraes.com.br\/loja\/","url":"https:\/\/christianmoraes.com.br\/loja\/","name":"In\u00edcio - Christian Moraes - Loja","isPartOf":{"@id":"https:\/\/christianmoraes.com.br\/loja\/#website"},"primaryImageOfPage":{"@id":"https:\/\/christianmoraes.com.br\/loja\/#primaryimage"},"image":{"@id":"https:\/\/christianmoraes.com.br\/loja\/#primaryimage"},"thumbnailUrl":"https:\/\/christianmoraes.com.br\/loja\/wp-content\/uploads\/2024\/12\/capa-loja.webp","datePublished":"2024-12-11T16:46:59+00:00","dateModified":"2024-12-17T19:41:37+00:00","description":"Bem-Vindo(a) \u00e0 minha loja oficial. Site Christian Moraes Oficial. Entre para ver nossos \u00faltimos lan\u00e7amentos!","breadcrumb":{"@id":"https:\/\/christianmoraes.com.br\/loja\/#breadcrumb"},"inLanguage":"pt-BR","potentialAction":[{"@type":"ReadAction","target":["https:\/\/christianmoraes.com.br\/loja\/"]}]},{"@type":"ImageObject","inLanguage":"pt-BR","@id":"https:\/\/christianmoraes.com.br\/loja\/#primaryimage","url":"https:\/\/christianmoraes.com.br\/loja\/wp-content\/uploads\/2024\/12\/capa-loja.webp","contentUrl":"https:\/\/christianmoraes.com.br\/loja\/wp-content\/uploads\/2024\/12\/capa-loja.webp","width":1860,"height":797},{"@type":"BreadcrumbList","@id":"https:\/\/christianmoraes.com.br\/loja\/#breadcrumb","itemListElement":[{"@type":"ListItem","position":1,"name":"In\u00edcio","item":"https:\/\/christianmoraes.com.br\/loja\/"},{"@type":"ListItem","position":2,"name":"In\u00edcio"}]},{"@type":"WebSite","@id":"https:\/\/christianmoraes.com.br\/loja\/#website","url":"https:\/\/christianmoraes.com.br\/loja\/","name":"Christian Moraes - Loja","description":" Bem-vindo(a) ao meu site! Aqui voc\u00ea encontra m\u00fasica crist\u00e3 inspiradora, agenda de eventos e uma loja com produtos exclusivos para aben\u00e7oar sua vida.","publisher":{"@id":"https:\/\/christianmoraes.com.br\/loja\/#\/schema\/person\/bc214bcb240b541e0690e0d4c4421b1f"},"potentialAction":[{"@type":"SearchAction","target":{"@type":"EntryPoint","urlTemplate":"https:\/\/christianmoraes.com.br\/loja\/?s={search_term_string}"},"query-input":{"@type":"PropertyValueSpecification","valueRequired":true,"valueName":"search_term_string"}}],"inLanguage":"pt-BR"},{"@type":["Person","Organization"],"@id":"https:\/\/christianmoraes.com.br\/loja\/#\/schema\/person\/bc214bcb240b541e0690e0d4c4421b1f","name":"Christian","image":{"@type":"ImageObject","inLanguage":"pt-BR","@id":"https:\/\/christianmoraes.com.br\/loja\/wp-content\/uploads\/2024\/12\/cropped-logo.png","url":"https:\/\/christianmoraes.com.br\/loja\/wp-content\/uploads\/2024\/12\/cropped-logo.png","contentUrl":"https:\/\/christianmoraes.com.br\/loja\/wp-content\/uploads\/2024\/12\/cropped-logo.png","width":469,"height":120,"caption":"Christian"},"logo":{"@id":"https:\/\/christianmoraes.com.br\/loja\/wp-content\/uploads\/2024\/12\/cropped-logo.png"},"sameAs":["https:\/\/christianmoraes.com.br\/loja","https:\/\/facebook.com\/oficialchristianmoraes\/","https:\/\/instagram.com\/christiianmoraes\/","https:\/\/youtube.com\/@Christiianmoraes"]}]}},"jetpack_sharing_enabled":true,"_links":{"self":[{"href":"https:\/\/christianmoraes.com.br\/loja\/wp-json\/wp\/v2\/pages\/64","targetHints":{"allow":["GET"]}}],"collection":[{"href":"https:\/\/christianmoraes.com.br\/loja\/wp-json\/wp\/v2\/pages"}],"about":[{"href":"https:\/\/christianmoraes.com.br\/loja\/wp-json\/wp\/v2\/types\/page"}],"author":[{"embeddable":true,"href":"https:\/\/christianmoraes.com.br\/loja\/wp-json\/wp\/v2\/users\/1"}],"replies":[{"embeddable":true,"href":"https:\/\/christianmoraes.com.br\/loja\/wp-json\/wp\/v2\/comments?post=64"}],"version-history":[{"count":100,"href":"https:\/\/christianmoraes.com.br\/loja\/wp-json\/wp\/v2\/pages\/64\/revisions"}],"predecessor-version":[{"id":812,"href":"https:\/\/christianmoraes.com.br\/loja\/wp-json\/wp\/v2\/pages\/64\/revisions\/812"}],"wp:attachment":[{"href":"https:\/\/christianmoraes.com.br\/loja\/wp-json\/wp\/v2\/media?parent=64"}],"curies":[{"name":"wp","href":"https:\/\/api.w.org\/{rel}","templated":true}]}}