{"id":11,"date":"2024-12-11T12:44:04","date_gmt":"2024-12-11T12:44:04","guid":{"rendered":"https:\/\/christianmoraes.com.br\/loja\/index.php\/minha-conta\/"},"modified":"2024-12-17T12:38:54","modified_gmt":"2024-12-17T12:38:54","slug":"minha-conta","status":"publish","type":"page","link":"https:\/\/christianmoraes.com.br\/loja\/minha-conta\/","title":{"rendered":"Minha conta"},"content":{"rendered":"\t\t<div data-elementor-type=\"wp-page\" data-elementor-id=\"11\" class=\"elementor elementor-11\" data-elementor-post-type=\"page\">\n\t\t\t\t<div class=\"elementor-element elementor-element-68bd8af e-flex e-con-boxed e-con e-parent\" data-id=\"68bd8af\" data-element_type=\"container\" data-e-type=\"container\">\n\t\t\t\t\t<div class=\"e-con-inner\">\n\t\t\t\t<div class=\"elementor-element elementor-element-cdfe548 elementor-icon-list--layout-inline elementor-align-center elementor-list-item-link-full_width elementor-widget elementor-widget-icon-list\" data-id=\"cdfe548\" data-element_type=\"widget\" data-e-type=\"widget\" data-widget_type=\"icon-list.default\">\n\t\t\t\t<div class=\"elementor-widget-container\">\n\t\t\t\t\t\t\t<ul class=\"elementor-icon-list-items elementor-inline-items\">\n\t\t\t\t\t\t\t<li class=\"elementor-icon-list-item elementor-inline-item\">\n\t\t\t\t\t\t\t\t\t\t\t<a href=\"https:\/\/christianmoraes.com.br\/loja\/minha-conta\/\">\n\n\t\t\t\t\t\t\t\t\t\t\t<span class=\"elementor-icon-list-text\">Painel<\/span>\n\t\t\t\t\t\t\t\t\t\t\t<\/a>\n\t\t\t\t\t\t\t\t\t<\/li>\n\t\t\t\t\t\t\t\t<li class=\"elementor-icon-list-item elementor-inline-item\">\n\t\t\t\t\t\t\t\t\t\t\t<a href=\"https:\/\/christianmoraes.com.br\/loja\/minha-conta\/orders\/\">\n\n\t\t\t\t\t\t\t\t\t\t\t<span class=\"elementor-icon-list-text\">Pedidos<\/span>\n\t\t\t\t\t\t\t\t\t\t\t<\/a>\n\t\t\t\t\t\t\t\t\t<\/li>\n\t\t\t\t\t\t\t\t<li class=\"elementor-icon-list-item elementor-inline-item\">\n\t\t\t\t\t\t\t\t\t\t\t<a href=\"https:\/\/christianmoraes.com.br\/loja\/minha-conta\/edit-address\/\">\n\n\t\t\t\t\t\t\t\t\t\t\t<span class=\"elementor-icon-list-text\">Endere\u00e7os<\/span>\n\t\t\t\t\t\t\t\t\t\t\t<\/a>\n\t\t\t\t\t\t\t\t\t<\/li>\n\t\t\t\t\t\t\t\t<li class=\"elementor-icon-list-item elementor-inline-item\">\n\t\t\t\t\t\t\t\t\t\t\t<a href=\"https:\/\/christianmoraes.com.br\/loja\/minha-conta\/edit-account\/\">\n\n\t\t\t\t\t\t\t\t\t\t\t<span class=\"elementor-icon-list-text\">Detalhes da Conta<\/span>\n\t\t\t\t\t\t\t\t\t\t\t<\/a>\n\t\t\t\t\t\t\t\t\t<\/li>\n\t\t\t\t\t\t\t\t<li class=\"elementor-icon-list-item elementor-inline-item\">\n\t\t\t\t\t\t\t\t\t\t\t<a href=\"https:\/\/christianmoraes.com.br\/loja\/minha-conta\/wishlist\/\">\n\n\t\t\t\t\t\t\t\t\t\t\t<span class=\"elementor-icon-list-text\">Lista de Desejos<\/span>\n\t\t\t\t\t\t\t\t\t\t\t<\/a>\n\t\t\t\t\t\t\t\t\t<\/li>\n\t\t\t\t\t\t\t\t<li class=\"elementor-icon-list-item elementor-inline-item\">\n\t\t\t\t\t\t\t\t\t\t\t<a href=\"https:\/\/christianmoraes.com.br\/loja\/minha-conta\/customer-logout\/?_wpnonce=49ab56e3f6\">\n\n\t\t\t\t\t\t\t\t\t\t\t<span class=\"elementor-icon-list-text\">Logout<\/span>\n\t\t\t\t\t\t\t\t\t\t\t<\/a>\n\t\t\t\t\t\t\t\t\t<\/li>\n\t\t\t\t\t\t<\/ul>\n\t\t\t\t\t\t<\/div>\n\t\t\t\t<\/div>\n\t\t\t\t\t<\/div>\n\t\t\t\t<\/div>\n\t\t<div class=\"elementor-element elementor-element-881fa62 e-flex e-con-boxed e-con e-parent\" data-id=\"881fa62\" data-element_type=\"container\" data-e-type=\"container\">\n\t\t\t\t\t<div class=\"e-con-inner\">\n\t\t\t\t<div class=\"elementor-element elementor-element-3b0f226 elementor-widget elementor-widget-shortcode\" data-id=\"3b0f226\" data-element_type=\"widget\" data-e-type=\"widget\" data-widget_type=\"shortcode.default\">\n\t\t\t\t<div class=\"elementor-widget-container\">\n\t\t\t\t\t\t\t<div class=\"elementor-shortcode\"><div class=\"woocommerce\"><\/div><\/div>\n\t\t\t\t\t\t<\/div>\n\t\t\t\t<\/div>\n\t\t\t\t\t<\/div>\n\t\t\t\t<\/div>\n\t\t\t\t<\/div>\n\t\t","protected":false},"excerpt":{"rendered":"<p>Painel Pedidos Endere\u00e7os Detalhes da Conta Lista de Desejos Logout<\/p>\n","protected":false},"author":1,"featured_media":0,"parent":0,"menu_order":0,"comment_status":"closed","ping_status":"closed","template":"","meta":{"footnotes":""},"class_list":["post-11","page","type-page","status-publish","hentry"],"yoast_head":"<!-- This site is optimized with the Yoast SEO plugin v27.4 - https:\/\/yoast.com\/product\/yoast-seo-wordpress\/ -->\n<title>Minha conta - Christian Moraes - Loja<\/title>\n<meta name=\"robots\" content=\"index, follow, max-snippet:-1, max-image-preview:large, max-video-preview:-1\" \/>\n<link rel=\"canonical\" href=\"https:\/\/christianmoraes.com.br\/loja\/minha-conta\/\" \/>\n<meta property=\"og:locale\" content=\"pt_BR\" \/>\n<meta property=\"og:type\" content=\"article\" \/>\n<meta property=\"og:title\" content=\"Minha conta - Christian Moraes - Loja\" \/>\n<meta property=\"og:description\" content=\"Painel Pedidos Endere\u00e7os Detalhes da Conta Lista de Desejos Logout\" \/>\n<meta property=\"og:url\" content=\"https:\/\/christianmoraes.com.br\/loja\/minha-conta\/\" \/>\n<meta property=\"og:site_name\" content=\"Christian Moraes - Loja\" \/>\n<meta property=\"article:publisher\" content=\"https:\/\/facebook.com\/oficialchristianmoraes\/\" \/>\n<meta property=\"article:modified_time\" content=\"2024-12-17T12:38:54+00:00\" \/>\n<meta name=\"twitter:card\" content=\"summary_large_image\" \/>\n<meta name=\"twitter:label1\" content=\"Est. tempo de leitura\" \/>\n\t<meta name=\"twitter:data1\" content=\"1 minuto\" \/>\n<script type=\"application\/ld+json\" class=\"yoast-schema-graph\">{\"@context\":\"https:\\\/\\\/schema.org\",\"@graph\":[{\"@type\":\"WebPage\",\"@id\":\"https:\\\/\\\/christianmoraes.com.br\\\/loja\\\/minha-conta\\\/\",\"url\":\"https:\\\/\\\/christianmoraes.com.br\\\/loja\\\/minha-conta\\\/\",\"name\":\"Minha conta - Christian Moraes - Loja\",\"isPartOf\":{\"@id\":\"https:\\\/\\\/christianmoraes.com.br\\\/loja\\\/#website\"},\"datePublished\":\"2024-12-11T12:44:04+00:00\",\"dateModified\":\"2024-12-17T12:38:54+00:00\",\"breadcrumb\":{\"@id\":\"https:\\\/\\\/christianmoraes.com.br\\\/loja\\\/minha-conta\\\/#breadcrumb\"},\"inLanguage\":\"pt-BR\",\"potentialAction\":[{\"@type\":\"ReadAction\",\"target\":[\"https:\\\/\\\/christianmoraes.com.br\\\/loja\\\/minha-conta\\\/\"]}]},{\"@type\":\"BreadcrumbList\",\"@id\":\"https:\\\/\\\/christianmoraes.com.br\\\/loja\\\/minha-conta\\\/#breadcrumb\",\"itemListElement\":[{\"@type\":\"ListItem\",\"position\":1,\"name\":\"In\u00edcio\",\"item\":\"https:\\\/\\\/christianmoraes.com.br\\\/loja\\\/\"},{\"@type\":\"ListItem\",\"position\":2,\"name\":\"Minha conta\"}]},{\"@type\":\"WebSite\",\"@id\":\"https:\\\/\\\/christianmoraes.com.br\\\/loja\\\/#website\",\"url\":\"https:\\\/\\\/christianmoraes.com.br\\\/loja\\\/\",\"name\":\"Christian Moraes - Loja\",\"description\":\" Bem-vindo(a) ao meu site! Aqui voc\u00ea encontra m\u00fasica crist\u00e3 inspiradora, agenda de eventos e uma loja com produtos exclusivos para aben\u00e7oar sua vida.\",\"publisher\":{\"@id\":\"https:\\\/\\\/christianmoraes.com.br\\\/loja\\\/#\\\/schema\\\/person\\\/bc214bcb240b541e0690e0d4c4421b1f\"},\"potentialAction\":[{\"@type\":\"SearchAction\",\"target\":{\"@type\":\"EntryPoint\",\"urlTemplate\":\"https:\\\/\\\/christianmoraes.com.br\\\/loja\\\/?s={search_term_string}\"},\"query-input\":{\"@type\":\"PropertyValueSpecification\",\"valueRequired\":true,\"valueName\":\"search_term_string\"}}],\"inLanguage\":\"pt-BR\"},{\"@type\":[\"Person\",\"Organization\"],\"@id\":\"https:\\\/\\\/christianmoraes.com.br\\\/loja\\\/#\\\/schema\\\/person\\\/bc214bcb240b541e0690e0d4c4421b1f\",\"name\":\"Christian\",\"image\":{\"@type\":\"ImageObject\",\"inLanguage\":\"pt-BR\",\"@id\":\"https:\\\/\\\/christianmoraes.com.br\\\/loja\\\/wp-content\\\/uploads\\\/2024\\\/12\\\/cropped-logo.png\",\"url\":\"https:\\\/\\\/christianmoraes.com.br\\\/loja\\\/wp-content\\\/uploads\\\/2024\\\/12\\\/cropped-logo.png\",\"contentUrl\":\"https:\\\/\\\/christianmoraes.com.br\\\/loja\\\/wp-content\\\/uploads\\\/2024\\\/12\\\/cropped-logo.png\",\"width\":469,\"height\":120,\"caption\":\"Christian\"},\"logo\":{\"@id\":\"https:\\\/\\\/christianmoraes.com.br\\\/loja\\\/wp-content\\\/uploads\\\/2024\\\/12\\\/cropped-logo.png\"},\"sameAs\":[\"https:\\\/\\\/christianmoraes.com.br\\\/loja\",\"https:\\\/\\\/facebook.com\\\/oficialchristianmoraes\\\/\",\"https:\\\/\\\/instagram.com\\\/christiianmoraes\\\/\",\"https:\\\/\\\/youtube.com\\\/@Christiianmoraes\"]}]}<\/script>\n<!-- \/ Yoast SEO plugin. -->","yoast_head_json":{"title":"Minha conta - Christian Moraes - Loja","robots":{"index":"index","follow":"follow","max-snippet":"max-snippet:-1","max-image-preview":"max-image-preview:large","max-video-preview":"max-video-preview:-1"},"canonical":"https:\/\/christianmoraes.com.br\/loja\/minha-conta\/","og_locale":"pt_BR","og_type":"article","og_title":"Minha conta - Christian Moraes - Loja","og_description":"Painel Pedidos Endere\u00e7os Detalhes da Conta Lista de Desejos Logout","og_url":"https:\/\/christianmoraes.com.br\/loja\/minha-conta\/","og_site_name":"Christian Moraes - Loja","article_publisher":"https:\/\/facebook.com\/oficialchristianmoraes\/","article_modified_time":"2024-12-17T12:38:54+00:00","twitter_card":"summary_large_image","twitter_misc":{"Est. tempo de leitura":"1 minuto"},"schema":{"@context":"https:\/\/schema.org","@graph":[{"@type":"WebPage","@id":"https:\/\/christianmoraes.com.br\/loja\/minha-conta\/","url":"https:\/\/christianmoraes.com.br\/loja\/minha-conta\/","name":"Minha conta - Christian Moraes - Loja","isPartOf":{"@id":"https:\/\/christianmoraes.com.br\/loja\/#website"},"datePublished":"2024-12-11T12:44:04+00:00","dateModified":"2024-12-17T12:38:54+00:00","breadcrumb":{"@id":"https:\/\/christianmoraes.com.br\/loja\/minha-conta\/#breadcrumb"},"inLanguage":"pt-BR","potentialAction":[{"@type":"ReadAction","target":["https:\/\/christianmoraes.com.br\/loja\/minha-conta\/"]}]},{"@type":"BreadcrumbList","@id":"https:\/\/christianmoraes.com.br\/loja\/minha-conta\/#breadcrumb","itemListElement":[{"@type":"ListItem","position":1,"name":"In\u00edcio","item":"https:\/\/christianmoraes.com.br\/loja\/"},{"@type":"ListItem","position":2,"name":"Minha conta"}]},{"@type":"WebSite","@id":"https:\/\/christianmoraes.com.br\/loja\/#website","url":"https:\/\/christianmoraes.com.br\/loja\/","name":"Christian Moraes - Loja","description":" Bem-vindo(a) ao meu site! Aqui voc\u00ea encontra m\u00fasica crist\u00e3 inspiradora, agenda de eventos e uma loja com produtos exclusivos para aben\u00e7oar sua vida.","publisher":{"@id":"https:\/\/christianmoraes.com.br\/loja\/#\/schema\/person\/bc214bcb240b541e0690e0d4c4421b1f"},"potentialAction":[{"@type":"SearchAction","target":{"@type":"EntryPoint","urlTemplate":"https:\/\/christianmoraes.com.br\/loja\/?s={search_term_string}"},"query-input":{"@type":"PropertyValueSpecification","valueRequired":true,"valueName":"search_term_string"}}],"inLanguage":"pt-BR"},{"@type":["Person","Organization"],"@id":"https:\/\/christianmoraes.com.br\/loja\/#\/schema\/person\/bc214bcb240b541e0690e0d4c4421b1f","name":"Christian","image":{"@type":"ImageObject","inLanguage":"pt-BR","@id":"https:\/\/christianmoraes.com.br\/loja\/wp-content\/uploads\/2024\/12\/cropped-logo.png","url":"https:\/\/christianmoraes.com.br\/loja\/wp-content\/uploads\/2024\/12\/cropped-logo.png","contentUrl":"https:\/\/christianmoraes.com.br\/loja\/wp-content\/uploads\/2024\/12\/cropped-logo.png","width":469,"height":120,"caption":"Christian"},"logo":{"@id":"https:\/\/christianmoraes.com.br\/loja\/wp-content\/uploads\/2024\/12\/cropped-logo.png"},"sameAs":["https:\/\/christianmoraes.com.br\/loja","https:\/\/facebook.com\/oficialchristianmoraes\/","https:\/\/instagram.com\/christiianmoraes\/","https:\/\/youtube.com\/@Christiianmoraes"]}]}},"jetpack_sharing_enabled":true,"_links":{"self":[{"href":"https:\/\/christianmoraes.com.br\/loja\/wp-json\/wp\/v2\/pages\/11","targetHints":{"allow":["GET"]}}],"collection":[{"href":"https:\/\/christianmoraes.com.br\/loja\/wp-json\/wp\/v2\/pages"}],"about":[{"href":"https:\/\/christianmoraes.com.br\/loja\/wp-json\/wp\/v2\/types\/page"}],"author":[{"embeddable":true,"href":"https:\/\/christianmoraes.com.br\/loja\/wp-json\/wp\/v2\/users\/1"}],"replies":[{"embeddable":true,"href":"https:\/\/christianmoraes.com.br\/loja\/wp-json\/wp\/v2\/comments?post=11"}],"version-history":[{"count":21,"href":"https:\/\/christianmoraes.com.br\/loja\/wp-json\/wp\/v2\/pages\/11\/revisions"}],"predecessor-version":[{"id":782,"href":"https:\/\/christianmoraes.com.br\/loja\/wp-json\/wp\/v2\/pages\/11\/revisions\/782"}],"wp:attachment":[{"href":"https:\/\/christianmoraes.com.br\/loja\/wp-json\/wp\/v2\/media?parent=11"}],"curies":[{"name":"wp","href":"https:\/\/api.w.org\/{rel}","templated":true}]}}